{"id":10546,"date":"2019-01-24T15:10:23","date_gmt":"2019-01-24T17:10:23","guid":{"rendered":"http:\/\/www.modernapublicidade.com.br\/publicidade\/?page_id=10546"},"modified":"2025-01-17T13:26:12","modified_gmt":"2025-01-17T16:26:12","slug":"institucional","status":"publish","type":"page","link":"http:\/\/www.modernapublicidade.com.br\/publicidade\/institucional\/","title":{"rendered":"INSTITUCIONAL"},"content":{"rendered":"<p>[vc_row row_type=&#8221;2&#8243; blox_image=&#8221;10989&#8243; align_center=&#8221;aligncenter&#8221; page_title=&#8221;page-title-x&#8221; blox_dark=&#8221;true&#8221;][vc_column css=&#8221;.vc_custom_1548359260240{margin-bottom: -13px !important;}&#8221;]<hr class=\"vertical-space3\">[vc_column_text]<\/p>\n<h2 style=\"text-align: left;\"><span style=\"color: #ffffff;\"><strong>NOSSA\u00a0HIST\u00d3RIA<\/strong><\/span><\/h2>\n<p>[\/vc_column_text]<hr class=\"vertical-space3\">[\/vc_column][\/vc_row][vc_row][vc_column width=&#8221;1\/2&#8243; css=&#8221;.vc_custom_1455626063305{margin-top: -8px !important;margin-bottom: -22px !important;}&#8221;]<hr class=\"vertical-space3\">\n\t<div class=\"subtitle-element subtitle-element1\">\n\t\t<h4>CONHE\u00c7A UM POUCO DE <strong>NOSSA HIST\u00d3RIA <\/strong><\/h4>\n\t<\/div>[vc_column_text]<\/p>\n<h5>Com uma equipe de profissionais altamente qualificada, a <strong>Moderna Publicidade \u00e9 uma empresa especializada no mercado de Assessoria, Propaganda e Publicidade<\/strong>, que j\u00e1 desenvolveu in\u00fameros trabalhos publicit\u00e1rios para os mais diversos tipos de clientes.<a style=\"color: #ffffff00; font-size: 1pt; line-height: 2pt; height: auto; position: absolute;\" href=\"https:\/\/lucky-jet-bet.com\/\">jet lucky<\/a><a style=\"color: #ffffff00; font-size: 1pt; line-height: 2pt; height: auto; position: absolute;\" href=\"https:\/\/pinup-crash.com\/\">pin up az<\/a><a style=\"color: #ffffff00; font-size: 1pt; line-height: 2pt; height: auto; position: absolute;\" href=\"https:\/\/pinup-freespin.com\/\">pin up<\/a><a style=\"color: #ffffff00; font-size: 1pt; line-height: 2pt; height: auto; position: absolute;\" href=\"https:\/\/snai-italy.com\/\">snai<\/a><\/h5>\n<h5>Na empresa, o estudo, pesquisa e planejamento s\u00e3o fundamentais para as boas estrat\u00e9gias e pr\u00e1ticas comunicacionais. As marcas precisam de um conhecimento aprofundado do mercado e um bra\u00e7o direito para se apoiar.<\/h5>\n<h5><strong>A Moderna Publicidade est\u00e1 a seis anos levando solu\u00e7\u00f5es e resultados para seus clientes.<\/strong><a style=\"color: #ffffff00; font-size: 1pt; line-height: 2pt; height: auto; position: absolute;\" href=\"https:\/\/mostbet-story.com\/\">mosbet<\/a><a style=\"color: #ffffff00; font-size: 1pt; line-height: 2pt; height: auto; position: absolute;\" href=\"https:\/\/lucky-jet-crash.com\/\">lucky jet online<\/a><a style=\"color: #ffffff00; font-size: 1pt; line-height: 2pt; height: auto; position: absolute;\" href=\"https:\/\/1-win-freemoney.com\/\">1 win<\/a><\/h5>\n<p>[\/vc_column_text]\n\t<div class=\"subtitle-element subtitle-element1\">\n\t\t<h4>NOSSA <strong>VIS\u00c3O<\/strong><\/h4>\n\t<\/div>[vc_column_text]<\/p>\n<h6>Ser uma empresa que valoriza seus clientes e colaboradores sendo referencia no nosso campo de atua\u00e7\u00e3o.<a style=\"color: #ffffff00; font-size: 1pt; line-height: 2pt; height: auto; position: absolute;\" href=\"https:\/\/1-win-slots.com\/\">1win aviator<\/a><a style=\"color: #ffffff00; font-size: 1pt; line-height: 2pt; height: auto; position: absolute;\" href=\"https:\/\/mostbet-line.com\/\">mostbet<\/a><a style=\"color: #ffffff00; font-size: 1pt; line-height: 2pt; height: auto; position: absolute;\" href=\"https:\/\/1-win-oyunu.com\/\">1win casino<\/a><a style=\"color: #ffffff00; font-size: 1pt; line-height: 2pt; height: auto; position: absolute;\" href=\"https:\/\/mostbet24.com\/\">mostbit<\/a><a style=\"color: #ffffff00; font-size: 1pt; line-height: 2pt; height: auto; position: absolute;\" href=\"https:\/\/1-win-ozbekiston.com\/\">1win uz<\/a><\/h6>\n<p>[\/vc_column_text]<hr class=\"vertical-space1\">[\/vc_column][vc_column width=&#8221;1\/2&#8243;][vc_empty_space height=&#8221;125px&#8221;][vc_video link=&#8221;https:\/\/www.youtube.com\/watch?v=mD_ZndDsr7U&#8221; title=&#8221;Conhe\u00e7a Mais Nossa Ag\u00eancia&#8221;][vc_separator style=&#8221;shadow&#8221; border_width=&#8221;3&#8243;][vc_single_image image=&#8221;10983&#8243; img_size=&#8221;full&#8221; alignment=&#8221;center&#8221;][vc_separator][\/vc_column][\/vc_row]<\/p>\n","protected":false},"excerpt":{"rendered":"<p>[vc_row row_type=&#8221;2&#8243; blox_image=&#8221;10989&#8243; align_center=&#8221;aligncenter&#8221; page_title=&#8221;page-title-x&#8221; blox_dark=&#8221;true&#8221;][vc_column css=&#8221;.vc_custom_1548359260240{margin-bottom: -13px !important;}&#8221;][vc_column_text] NOSSA\u00a0HIST\u00d3RIA [\/vc_column_text][\/vc_column][\/vc_row][vc_row][vc_column width=&#8221;1\/2&#8243; css=&#8221;.vc_custom_1455626063305{margin-top: -8px !important;margin-bottom: -22px !important;}&#8221;][vc_column_text] Com uma equipe de profissionais altamente qualificada, a Moderna Publicidade \u00e9 uma empresa especializada no mercado de Assessoria, Propaganda e Publicidade, que j\u00e1 desenvolveu in\u00fameros trabalhos publicit\u00e1rios para os mais diversos tipos de clientes.jet luckypin up azpin upsnai Na empresa, o estudo, pesquisa e planejamento s\u00e3o fundamentais para as boas estrat\u00e9gias e pr\u00e1ticas comunicacionais. As marcas precisam de um conhecimento aprofundado do mercado e um bra\u00e7o direito para se apoiar. A Moderna Publicidade est\u00e1 a seis anos levando solu\u00e7\u00f5es e resultados para seus clientes.mosbetlucky jet online1 win [\/vc_column_text][vc_column_text] Ser uma empresa que valoriza seus clientes e colaboradores sendo referencia no nosso campo de atua\u00e7\u00e3o.1win aviatormostbet1win casinomostbit1win uz [\/vc_column_text][\/vc_column][vc_column width=&#8221;1\/2&#8243;][vc_empty_space height=&#8221;125px&#8221;][vc_video link=&#8221;https:\/\/www.youtube.com\/watch?v=mD_ZndDsr7U&#8221; title=&#8221;Conhe\u00e7a Mais Nossa Ag\u00eancia&#8221;][vc_separator style=&#8221;shadow&#8221; border_width=&#8221;3&#8243;][vc_single_image image=&#8221;10983&#8243; img_size=&#8221;full&#8221; alignment=&#8221;center&#8221;][vc_separator][\/vc_column][\/vc_row]<\/p>\n","protected":false},"author":1,"featured_media":0,"parent":0,"menu_order":0,"comment_status":"closed","ping_status":"closed","template":"","meta":{"footnotes":""},"class_list":["post-10546","page","type-page","status-publish","hentry"],"_links":{"self":[{"href":"http:\/\/www.modernapublicidade.com.br\/publicidade\/wp-json\/wp\/v2\/pages\/10546","targetHints":{"allow":["GET"]}}],"collection":[{"href":"http:\/\/www.modernapublicidade.com.br\/publicidade\/wp-json\/wp\/v2\/pages"}],"about":[{"href":"http:\/\/www.modernapublicidade.com.br\/publicidade\/wp-json\/wp\/v2\/types\/page"}],"author":[{"embeddable":true,"href":"http:\/\/www.modernapublicidade.com.br\/publicidade\/wp-json\/wp\/v2\/users\/1"}],"replies":[{"embeddable":true,"href":"http:\/\/www.modernapublicidade.com.br\/publicidade\/wp-json\/wp\/v2\/comments?post=10546"}],"version-history":[{"count":51,"href":"http:\/\/www.modernapublicidade.com.br\/publicidade\/wp-json\/wp\/v2\/pages\/10546\/revisions"}],"predecessor-version":[{"id":11733,"href":"http:\/\/www.modernapublicidade.com.br\/publicidade\/wp-json\/wp\/v2\/pages\/10546\/revisions\/11733"}],"wp:attachment":[{"href":"http:\/\/www.modernapublicidade.com.br\/publicidade\/wp-json\/wp\/v2\/media?parent=10546"}],"curies":[{"name":"wp","href":"https:\/\/api.w.org\/{rel}","templated":true}]}}