{"id":11045,"date":"2019-12-12T10:11:09","date_gmt":"2019-12-12T13:11:09","guid":{"rendered":"http:\/\/www.modernapublicidade.com.br\/publicidade\/?page_id=11045"},"modified":"2021-07-26T22:52:50","modified_gmt":"2021-07-27T01:52:50","slug":"servicos","status":"publish","type":"page","link":"http:\/\/www.modernapublicidade.com.br\/publicidade\/servicos\/","title":{"rendered":"SERVI\u00c7OS"},"content":{"rendered":"<p>[vc_row row_type=&#8221;2&#8243; blox_image=&#8221;10989&#8243; align_center=&#8221;aligncenter&#8221; page_title=&#8221;page-title-x&#8221; blox_dark=&#8221;true&#8221;][vc_column css=&#8221;.vc_custom_1548359260240{margin-bottom: -13px !important;}&#8221;]<hr class=\"vertical-space3\">[vc_column_text]<\/p>\n<h3 style=\"text-align: left;\"><span style=\"color: #ffffff;\"><strong>SERVI\u00c7OS ESPECIALIZADOS<\/strong><\/span><\/h3>\n<p>[\/vc_column_text]<hr class=\"vertical-space3\">[\/vc_column][\/vc_row][vc_row css_animation=&#8221;bounceInLeft&#8221;][vc_column]<hr class=\"vertical-space2\">\n\t<div class=\"subtitle-element subtitle-element1\">\n\t\t<h4>CONHE\u00c7A <strong>NOSSOS SERVI\u00c7OS<\/strong><\/h4>\n\t<\/div>[vc_column_text]<\/p>\n<h3><strong>Solu\u00e7\u00f5es completas e inovadoras tudo em um s\u00f3 lugar.<\/strong><\/h3>\n<h3><strong>Aqui a <span style=\"color: #0074c2;\">PUBLICIDADE<\/span> \u00e9 feita na medida certa para alavancar seus neg\u00f3cios.<\/strong><\/h3>\n<p>[\/vc_column_text][vc_zigzag el_border_width=&#8221;15&#8243; css_animation=&#8221;fadeInLeft&#8221;][vc_column_text]<\/p>\n<h3><strong><span style=\"color: #ffcc00;\">\u00bb <\/span><\/strong>PRODUTORA DE V\u00cdDEO INSTITUCIONAL<\/h3>\n<h5>O v\u00eddeo institucional \u00e9 uma excelente ferramenta para passar credibilidade e divulgar a identidade visual da empresa. O v\u00eddeo institucional para empresas pode ser utilizado tamb\u00e9m como comunica\u00e7\u00e3o da marca em feiras, eventos, palestras e muito mais, atraindo clientes e investidores. Os filmes institucionais t\u00eam como foco apresentar o neg\u00f3cio em primeiro lugar, adotando estrat\u00e9gias cinematogr\u00e1ficas para a constru\u00e7\u00e3o de uma narrativa que gere interesse e identifica\u00e7\u00e3o com a companhia.<\/h5>\n<p>&nbsp;<\/p>\n<h3><strong><span style=\"color: #ffcc00;\">\u00bb <\/span><\/strong>CRIA\u00c7\u00c3O DE SITES<\/h3>\n<h5>Ter um site hoje \u00e9 fundamental para apresentar seus servi\u00e7os e a Moderna Publicidade \u00e9 uma empresa que busca as melhores parcerias para oferecer um produto de qualidade aos seus clientes. Com o crescimento expressivo da internet, nossa equipe buscou aprimorar os principais recursos dispon\u00edveis no mercado, na busca de sair sempre na frente e desenvolver sites com qualidade, dentro das mais novas tend\u00eancias de layout e conte\u00fado.<\/h5>\n<p>&nbsp;<\/p>\n<h3><strong><span style=\"color: #ffcc00;\">\u00bb <\/span><\/strong>PROPAGANDA EM R\u00c1DIO E TV<\/h3>\n<h5>Nossa empresa possui parceria com as principais emissoras de R\u00e1dio e TV da Bahia, o que facilita bastante a divulga\u00e7\u00e3o da campanha publicit\u00e1ria da sua marca. Desta forma, estudar o p\u00fablico alvo \u00e9 o primeiro passo para descobrir qual emissora ir\u00e1 proporcionar o custo benef\u00edcio para nossos clientes terem resultados efetivos.<\/h5>\n<p>&nbsp;<\/p>\n<h3><strong><span style=\"color: #ffcc00;\">\u00bb <\/span><\/strong>TRANSMISS\u00d5ES AO VIVO<\/h3>\n<h5>Com o avan\u00e7o das tecnologias, investir em uma\u00a0<em>transmiss\u00e3o ao vivo<\/em>\u00a0pela internet \u00e9 um diferencial, al\u00e9m de ser algo atraente e abrangente, ele \u00e9 econ\u00f4mico e a Moderna Publicidade oferece a seus clientes este servi\u00e7o, um formato renovador, a fim de manter o p\u00fablico interagindo de forma simples e pr\u00e1tica.<\/h5>\n<p>&nbsp;<\/p>\n<h3><strong><span style=\"color: #ffcc00;\">\u00bb <\/span><\/strong>CARRO DE SOM<\/h3>\n<h5>Enquanto alguns ficam esperando clientes chegarem at\u00e9 a sua empresa, n\u00f3s da Moderna Publicidade anunciamos os produtos e servi\u00e7os dos nossos parceiros. Sa\u00edmos sempre na frente. Estamos nas ruas da cidade levando informa\u00e7\u00f5es sobre o seu produto ou servi\u00e7o de forma eficaz. O que gera lucro \u00e9 investimento! Propaganda deve ser tratada como investimento.<\/h5>\n<p>&nbsp;<\/p>\n<h3><strong><span style=\"color: #ffcc00;\">\u00bb <\/span><\/strong>OUTDOOR<\/h3>\n<h5>O outdoor \u00e9 um meio que vai at\u00e9 onde o consumidor est\u00e1, gerando impacto e ampliando a cobertura da sua campanha, \u00e9 um servi\u00e7o que refor\u00e7a a sua marca, gerando resultados positivos. A Moderna Publicidade, atrav\u00e9s dos seus parceiros, est\u00e1 presente nas principais vias de acesso do estado da Bahia.<\/h5>\n<p>&nbsp;<\/p>\n<h3><strong><span style=\"color: #ffcc00;\">\u00bb <\/span><\/strong>REVISTAS<\/h3>\n<h5>Segundo estudos realizados todos os anos pelos mais diversos ve\u00edculos, a principal caracter\u00edstica do jornal ou da revista impressos \u00e9 a credibilidade. \u00c9 o que os tornam diferente dos demais meios. Muitos consideram uma m\u00eddia cara, por\u00e9m, \u00e9 importante porque d\u00e1 peso a uma marca e \u00e9 lida por formadores de opini\u00e3o. Outro ponto importante que traz grande vantagem a quem anuncia em impressos \u00e9 que esse meio apresenta conte\u00fados mais profundos, enquanto a internet e as m\u00eddias eletr\u00f4nicas em geral apresentam not\u00edcias mais superficiais. Ou seja, o leitor fixa mais o conte\u00fado que est\u00e1 no impresso. A Moderna Publicidade disponibiliza de servi\u00e7os da cria\u00e7\u00e3o da sua pr\u00f3pria revista ou jornal, e tamb\u00e9m na divulga\u00e7\u00e3o e produ\u00e7\u00e3o de parceiros.<\/h5>\n<p>&nbsp;<\/p>\n<h3><strong><span style=\"color: #ffcc00;\">\u00bb <\/span><\/strong>COMUNICA\u00c7\u00c3O VISUAL<\/h3>\n<h5>Os diversos tipos de comunica\u00e7\u00e3o visual s\u00e3o eficazes e eficientes, porque eles s\u00e3o acess\u00edveis, dispon\u00edveis, pr\u00e1ticos, f\u00e1cil de usar, sempre divulgando a \u00e1rea comercial do seu neg\u00f3cio. A comunica\u00e7\u00e3o visual \u00e9 essencial para sua campanha de publicidade, junto com as outras formas de ferramentas de comunica\u00e7\u00e3o, tais como a Internet, televis\u00e3o, r\u00e1dio, jornais, revistas e outdoors, ela transmite credibilidade ao cliente, fortalecendo e diferenciando sua empresa das outras.<\/h5>\n<p>&nbsp;<\/p>\n<h3><strong><span style=\"color: #ffcc00;\">\u00bb <\/span><\/strong>FOTOGRAFIA E FILMAGEM \u201cA\u00c9REAS\u201d<\/h3>\n<h5>A Moderna Publicidade tem buscado inovar e acompanhar as principais tend\u00eancias do ramo de fotografia e filmagem existentes no mercado. Na hora de organizar um evento, a escolha correta dos profissionais que prestar\u00e3o esse tipo de servi\u00e7o faz toda a diferen\u00e7a. Com equipamentos sofisticados, nossa empresa registra os principais momentos do seu evento, os tornando inesquec\u00edveis. Com a tecnologia 4k, tamb\u00e9m registramos imagens a\u00e9reas, o que leva ao cliente a oportunidade de visualizar seu evento em \u00e2ngulos diferentes e exclusivos.<\/h5>\n<p>[\/vc_column_text][\/vc_column][\/vc_row]<\/p>\n","protected":false},"excerpt":{"rendered":"<p>[vc_row row_type=&#8221;2&#8243; blox_image=&#8221;10989&#8243; align_center=&#8221;aligncenter&#8221; page_title=&#8221;page-title-x&#8221; blox_dark=&#8221;true&#8221;][vc_column css=&#8221;.vc_custom_1548359260240{margin-bottom: -13px !important;}&#8221;][vc_column_text] SERVI\u00c7OS ESPECIALIZADOS [\/vc_column_text][\/vc_column][\/vc_row][vc_row css_animation=&#8221;bounceInLeft&#8221;][vc_column][vc_column_text] Solu\u00e7\u00f5es completas e inovadoras tudo em um s\u00f3 lugar. Aqui a PUBLICIDADE \u00e9 feita na medida certa para alavancar seus neg\u00f3cios. [\/vc_column_text][vc_zigzag el_border_width=&#8221;15&#8243; css_animation=&#8221;fadeInLeft&#8221;][vc_column_text] \u00bb PRODUTORA DE V\u00cdDEO INSTITUCIONAL O v\u00eddeo institucional \u00e9 uma excelente ferramenta para passar credibilidade e divulgar a identidade visual da empresa. O v\u00eddeo institucional para empresas pode ser utilizado tamb\u00e9m como comunica\u00e7\u00e3o da marca em feiras, eventos, palestras e muito mais, atraindo clientes e investidores. Os filmes institucionais t\u00eam como foco apresentar o neg\u00f3cio em primeiro lugar, adotando estrat\u00e9gias cinematogr\u00e1ficas para a constru\u00e7\u00e3o de uma narrativa que gere interesse e identifica\u00e7\u00e3o com a companhia. &nbsp; \u00bb CRIA\u00c7\u00c3O DE SITES Ter um site hoje \u00e9 fundamental para apresentar seus servi\u00e7os e a Moderna Publicidade \u00e9 uma empresa que busca as melhores parcerias para oferecer um produto de qualidade aos seus clientes. Com o crescimento expressivo da internet, nossa equipe buscou aprimorar os principais recursos dispon\u00edveis no mercado, na busca de sair sempre na frente e desenvolver sites com qualidade, dentro das mais novas tend\u00eancias de layout e conte\u00fado. &nbsp; \u00bb PROPAGANDA EM R\u00c1DIO E TV Nossa empresa possui parceria com as principais emissoras de R\u00e1dio e TV da Bahia, o que facilita bastante a divulga\u00e7\u00e3o da campanha publicit\u00e1ria da sua marca. Desta forma, estudar o p\u00fablico alvo \u00e9 o primeiro passo para descobrir qual emissora ir\u00e1 proporcionar o custo benef\u00edcio para nossos clientes terem resultados efetivos. &nbsp; \u00bb TRANSMISS\u00d5ES AO VIVO Com o avan\u00e7o das tecnologias, investir em uma\u00a0transmiss\u00e3o ao vivo\u00a0pela internet \u00e9 um diferencial, al\u00e9m de ser algo atraente e abrangente, ele \u00e9 econ\u00f4mico e a Moderna Publicidade oferece a seus clientes este servi\u00e7o, um formato renovador, a fim de manter o p\u00fablico interagindo de forma simples e pr\u00e1tica. &nbsp; \u00bb CARRO&#8230; <\/p>\n<p><a class=\"readmore\" href=\"http:\/\/www.modernapublicidade.com.br\/publicidade\/servicos\/\">Leia Mais<\/a><\/p>\n","protected":false},"author":1,"featured_media":0,"parent":0,"menu_order":0,"comment_status":"closed","ping_status":"closed","template":"","meta":{"footnotes":""},"class_list":["post-11045","page","type-page","status-publish","hentry"],"_links":{"self":[{"href":"http:\/\/www.modernapublicidade.com.br\/publicidade\/wp-json\/wp\/v2\/pages\/11045","targetHints":{"allow":["GET"]}}],"collection":[{"href":"http:\/\/www.modernapublicidade.com.br\/publicidade\/wp-json\/wp\/v2\/pages"}],"about":[{"href":"http:\/\/www.modernapublicidade.com.br\/publicidade\/wp-json\/wp\/v2\/types\/page"}],"author":[{"embeddable":true,"href":"http:\/\/www.modernapublicidade.com.br\/publicidade\/wp-json\/wp\/v2\/users\/1"}],"replies":[{"embeddable":true,"href":"http:\/\/www.modernapublicidade.com.br\/publicidade\/wp-json\/wp\/v2\/comments?post=11045"}],"version-history":[{"count":10,"href":"http:\/\/www.modernapublicidade.com.br\/publicidade\/wp-json\/wp\/v2\/pages\/11045\/revisions"}],"predecessor-version":[{"id":11166,"href":"http:\/\/www.modernapublicidade.com.br\/publicidade\/wp-json\/wp\/v2\/pages\/11045\/revisions\/11166"}],"wp:attachment":[{"href":"http:\/\/www.modernapublicidade.com.br\/publicidade\/wp-json\/wp\/v2\/media?parent=11045"}],"curies":[{"name":"wp","href":"https:\/\/api.w.org\/{rel}","templated":true}]}}