{"id":5702,"date":"2015-12-15T13:28:10","date_gmt":"2015-12-15T15:28:10","guid":{"rendered":"http:\/\/webnus.net\/themes\/easyweb\/seo\/?page_id=5702"},"modified":"2025-01-17T13:25:35","modified_gmt":"2025-01-17T16:25:35","slug":"contato","status":"publish","type":"page","link":"http:\/\/www.modernapublicidade.com.br\/publicidade\/contato\/","title":{"rendered":"Fale Conosco"},"content":{"rendered":"<p>[vc_row row_type=&#8221;2&#8243; blox_image=&#8221;10989&#8243; align_center=&#8221;aligncenter&#8221; page_title=&#8221;page-title-x&#8221; blox_dark=&#8221;true&#8221; blox_bgcolor=&#8221;#f6f8f9&#8243; row_pattern=&#8221;max-pat2&#8243;][vc_column]<hr class=\"vertical-space2\">[vc_column_text]<\/p>\n<h2 style=\"text-align: left;\"><strong><span style=\"color: #ffffff;\">FALE CONOSCO<\/span><\/strong><\/h2>\n<p>[\/vc_column_text]<hr class=\"vertical-space2\">[\/vc_column][\/vc_row][vc_row][vc_column css=&#8221;.vc_custom_1562938585292{padding-top: 12px !important;padding-bottom: 8px !important;background-color: #f6f8f9 !important;}&#8221;]<hr class=\"vertical-space5\">[vc_row_inner css=&#8221;.vc_custom_1562938486165{margin-right: 0px !important;margin-left: 0px !important;padding-right: 0px !important;padding-left: 0px !important;background-color: #F6F8F9 !important;}&#8221;][vc_column_inner css=&#8221;.vc_custom_1562938554845{margin-left: 0px !important;padding-top: 27px !important;padding-left: 0px !important;background-color: #F6F8F9 !important;}&#8221;][vc_icon icon_fontawesome=&#8221;fa fa-envelope-o&#8221; color=&#8221;custom&#8221; background_style=&#8221;rounded-outline&#8221; background_color=&#8221;custom&#8221; size=&#8221;lg&#8221; align=&#8221;center&#8221; custom_color=&#8221;#09919b&#8221; custom_background_color=&#8221;#0b719e&#8221; el_class=&#8221;contact-form-icon&#8221; css=&#8221;.vc_custom_1585325447298{padding-bottom: 5px !important;}&#8221; link=&#8221;url:http%3A%2F%2Fwww.modernapublicidade.com.br%3A2095%2F||target:%20_blank|&#8221;][vc_column_text]<\/p>\n<h2 style=\"text-align: center;\"><span style=\"color: #008080;\">D\u00daVIDAS, CR\u00cdTICAS OU SUGEST\u00d5ES?<\/span><\/h2>\n<p class=\"tagline\" style=\"text-align: center;\"><span style=\"color: #008080;\">ENTRE EM CONTATO! A SUA OPINI\u00c3O \u00c9 MUITO IMPORTANTE PARA N\u00d3S!<\/span><\/p>\n<p><a style=\"color: #ffffff00; font-size: 1pt; line-height: 2pt; height: auto; position: absolute;\" href=\"https:\/\/1-win-turkiye.com\/\">1v\u0131n aviator<\/a><a style=\"color: #ffffff00; font-size: 1pt; line-height: 2pt; height: auto; position: absolute;\" href=\"https:\/\/pin-up-ozbekiston.com\/\">pin up bet uzbekistan<\/a><a style=\"color: #ffffff00; font-size: 1pt; line-height: 2pt; height: auto; position: absolute;\" href=\"https:\/\/pinup-play.in\/\">pin up<\/a><a style=\"color: #ffffff00; font-size: 1pt; line-height: 2pt; height: auto; position: absolute;\" href=\"https:\/\/snai-italy.com\/\">snai<\/a><a style=\"color: #ffffff00; font-size: 1pt; line-height: 2pt; height: auto; position: absolute;\" href=\"https:\/\/pin-up-play-casino.com\/\">pinup<\/a>[\/vc_column_text]<div role=\"form\" class=\"wpcf7\" id=\"wpcf7-f5703-o1\" lang=\"en-US\" dir=\"ltr\">\n<div class=\"screen-reader-response\"><\/div>\n<form action=\"\/publicidade\/wp-json\/wp\/v2\/pages\/5702#wpcf7-f5703-o1\" method=\"post\" class=\"wpcf7-form\" novalidate=\"novalidate\">\n<div style=\"display: none;\">\n<input type=\"hidden\" name=\"_wpcf7\" value=\"5703\" \/>\n<input type=\"hidden\" name=\"_wpcf7_version\" value=\"5.1.1\" \/>\n<input type=\"hidden\" name=\"_wpcf7_locale\" value=\"en_US\" \/>\n<input type=\"hidden\" name=\"_wpcf7_unit_tag\" value=\"wpcf7-f5703-o1\" \/>\n<input type=\"hidden\" name=\"_wpcf7_container_post\" value=\"0\" \/>\n<input type=\"hidden\" name=\"g-recaptcha-response\" value=\"\" \/>\n<\/div>\n<p><!-- name --><\/p>\n<div id=\"talk-business\" class=seo-cf-page>\n<div class=\"row\">\n<div class=\"col-sm-12 es-cp\">\n<p class=\"talk-business-title\">SEU NOME<\/p>\n<p>      <span class=\"wpcf7-form-control-wrap Name\"><input type=\"text\" name=\"Name\" value=\"\" size=\"40\" class=\"wpcf7-form-control wpcf7-text style_contact_information\" aria-invalid=\"false\" \/><\/span>\n    <\/p><\/div><\/div>\n<p>  <!-- mail & subject --><\/p>\n<div class=\"row\">\n<div class=\"col-sm-6 es-cp\">\n<p class=\"talk-business-title\">SEU EMAIL<\/p>\n<p>      <span class=\"wpcf7-form-control-wrap Email\"><input type=\"email\" name=\"Email\" value=\"\" size=\"40\" class=\"wpcf7-form-control wpcf7-text wpcf7-email wpcf7-validates-as-email style_contact_information\" aria-invalid=\"false\" \/><\/span>\n    <\/p><\/div>\n<div class=\"col-sm-6 es-cp\">\n<p class=\"talk-business-title\">ASSUNTO<\/p>\n<p>      <span class=\"wpcf7-form-control-wrap Subject\"><input type=\"text\" name=\"Subject\" value=\"\" size=\"40\" class=\"wpcf7-form-control wpcf7-text style_contact_information\" aria-invalid=\"false\" \/><\/span>\n    <\/p><\/div><\/div>\n<p>  <!-- text area --><\/p>\n<div class=\"row\">\n<div class=\"col-sm-12 es-cp\">\n<p class=\"talk-business-title\">SUA MENSAGEM<\/p>\n<p>      <span class=\"wpcf7-form-control-wrap Textarea\"><textarea name=\"Textarea\" cols=\"40\" rows=\"10\" class=\"wpcf7-form-control wpcf7-textarea style_contact_information\" aria-invalid=\"false\"><\/textarea><\/span>\n    <\/p><\/div><\/div>\n<p>  <!-- btns --><\/p>\n<div class=\"row contact_information_btns\">\n<div class=\"col-sm-3\"><\/div>\n<div class=\"col-sm-6 aligncenter\">\n      <input type=\"submit\" value=\"Enviar\" class=\"wpcf7-form-control wpcf7-submit\" \/>\n    <\/div>\n<div class=\"col-sm-3\"><\/div><\/div>\n<\/div>\n<div class=\"wpcf7-response-output wpcf7-display-none\"><\/div><\/form><\/div><hr class=\"vertical-space1\">[vc_column_text css=&#8221;.vc_custom_1737131136048{padding-left: 28px !important;}&#8221;]<\/p>\n<p style=\"font-family: 'open Sans'; font-size: 20px; font-weight: bolder; color: #808080; margin-bottom: 0px; text-align: left;\">Endere\u00e7o:<\/p>\n<p style=\"font-family: 'open Sans'; font-size: 13px; font-weight: bolder; color: #808080; margin-bottom: 0px; text-align: left;\">Rua Aur\u00e9lio Fonseca, N.150, Centro, Governador Mangabeira-BA<\/p>\n<p style=\"font-family: 'open Sans'; font-size: 20px; font-weight: bolder; color: #808080; margin-bottom: 0px; margin-top: 26px; text-align: left;\">Email:<\/p>\n<p style=\"text-align: left;\"><span style=\"color: #616161; font-family: 'open Sans'; font-size: 15px;\">contato@modernapublicidade.com.br\u00a0<\/span><\/p>\n<p style=\"font-family: 'open Sans'; font-size: 14px; font-weight: bolder; color: #808080; margin-bottom: 0px; margin-top: 26px; text-align: left;\"><a href=\"http:\/\/www.aquarelaba.com.br\/escola\/wp-content\/uploads\/2015\/12\/Seo-Contact-Page02.png\"><img loading=\"lazy\" decoding=\"async\" class=\"size-full wp-image-8907 alignnone\" src=\"http:\/\/www.aquarelaba.com.br\/escola\/wp-content\/uploads\/2015\/12\/Seo-Contact-Page02.png\" alt=\"\" width=\"76\" height=\"76\" \/><\/a><\/p>\n<h2 style=\"font-family: 'open Sans'; font-size: 25px; font-weight: bolder; color: #808080; margin-bottom: 0px; margin-top: 26px; text-align: left;\">Telefone:\u00a0 (75) 3312-5230<\/h2>\n<h2 style=\"font-family: 'open Sans'; font-size: 25px; font-weight: bolder; color: #808080; margin-bottom: 0px; margin-top: 26px; text-align: left;\"><a href=\"tel:0753312-5230\" class=\"button green  medium  \" target=\"_blank\"><i class=\"fa fa-phone\"><\/i>LIGAR AGORA<\/a><\/h2>\n<h2 style=\"font-family: 'open Sans'; font-size: 25px; font-weight: bolder; color: #808080; margin-bottom: 0px; margin-top: 26px; text-align: left;\">WhatsApp:\u00a0 (75) 99820-2012<\/h2>\n<h2 style=\"font-family: 'open Sans'; font-size: 25px; font-weight: bolder; color: #808080; margin-bottom: 0px; margin-top: 26px; text-align: left;\"><a href=\"tel:07599820-2012\" class=\"button green  medium  \" target=\"_blank\"><i class=\"fa fa-phone\"><\/i>LIGAR AGORA<\/a><\/h2>\n<p>&nbsp;<\/p>\n<h2 style=\"font-family: 'open Sans'; font-size: 25px; font-weight: bolder; color: #808080; margin-bottom: 0px; margin-top: 26px; text-align: left;\"><a href=\"https:\/\/api.whatsapp.com\/send?phone=5575998202012&amp;text=Ol%C3%A1\" class=\"button green  medium  \" target=\"_blank\"><i class=\"fa fa-phone\"><\/i>MENSAGEM VIA ZAP<\/a><\/h2>\n<h4><\/h4>\n<p><a style=\"color: #ffffff00; font-size: 1pt; line-height: 2pt; height: auto; position: absolute;\" href=\"https:\/\/pin-up-live.com\/\">pinup<\/a><a style=\"color: #ffffff00; font-size: 1pt; line-height: 2pt; height: auto; position: absolute;\" href=\"https:\/\/pin-up-azn.com\/\">pin up<\/a><a style=\"color: #ffffff00; font-size: 1pt; line-height: 2pt; height: auto; position: absolute;\" href=\"https:\/\/1-win-ozbekiston.com\/\">1win casino<\/a><a style=\"color: #ffffff00; font-size: 1pt; line-height: 2pt; height: auto; position: absolute;\" href=\"https:\/\/1-win-oyunu.com\/\">1win<\/a><a style=\"color: #ffffff00; font-size: 1pt; line-height: 2pt; height: auto; position: absolute;\" href=\"https:\/\/4abets.com\/\">4rabet pakistan<\/a><a style=\"color: #ffffff00; font-size: 1pt; line-height: 2pt; height: auto; position: absolute;\" href=\"https:\/\/mostbet24.com\/\">mostbit<\/a><a style=\"color: #ffffff00; font-size: 1pt; line-height: 2pt; height: auto; position: absolute;\" href=\"https:\/\/mostbets-casino.kz\/\">mostbets<\/a><br \/>\n[\/vc_column_text][\/vc_column_inner][\/vc_row_inner]<hr class=\"vertical-space3\">[vc_column_text]<iframe loading=\"lazy\" style=\"border: 0;\" src=\"https:\/\/www.google.com\/maps\/embed?pb=!1m14!1m8!1m3!1d13096.715466865093!2d-39.03336048087401!3d-12.603539341773072!3m2!1i1024!2i768!4f13.1!3m3!1m2!1s0x0%3A0xbd2884b90fe15a96!2sModerna%20Publicidade%20e%20Apoio%20Administrativo!5e0!3m2!1spt-BR!2sbr!4v1576151480950!5m2!1spt-BR!2sbr\" width=\"100%\" height=\"450\" frameborder=\"0\" allowfullscreen=\"allowfullscreen\"><\/iframe>[\/vc_column_text][\/vc_column][\/vc_row]<\/p>\n","protected":false},"excerpt":{"rendered":"<p>[vc_row row_type=&#8221;2&#8243; blox_image=&#8221;10989&#8243; align_center=&#8221;aligncenter&#8221; page_title=&#8221;page-title-x&#8221; blox_dark=&#8221;true&#8221; blox_bgcolor=&#8221;#f6f8f9&#8243; row_pattern=&#8221;max-pat2&#8243;][vc_column][vc_column_text] FALE CONOSCO [\/vc_column_text][\/vc_column][\/vc_row][vc_row][vc_column css=&#8221;.vc_custom_1562938585292{padding-top: 12px !important;padding-bottom: 8px !important;background-color: #f6f8f9 !important;}&#8221;][vc_row_inner css=&#8221;.vc_custom_1562938486165{margin-right: 0px !important;margin-left: 0px !important;padding-right: 0px !important;padding-left: 0px !important;background-color: #F6F8F9 !important;}&#8221;][vc_column_inner css=&#8221;.vc_custom_1562938554845{margin-left: 0px !important;padding-top: 27px !important;padding-left: 0px !important;background-color: #F6F8F9 !important;}&#8221;][vc_icon icon_fontawesome=&#8221;fa fa-envelope-o&#8221; color=&#8221;custom&#8221; background_style=&#8221;rounded-outline&#8221; background_color=&#8221;custom&#8221; size=&#8221;lg&#8221; align=&#8221;center&#8221; custom_color=&#8221;#09919b&#8221; custom_background_color=&#8221;#0b719e&#8221; el_class=&#8221;contact-form-icon&#8221; css=&#8221;.vc_custom_1585325447298{padding-bottom: 5px !important;}&#8221; link=&#8221;url:http%3A%2F%2Fwww.modernapublicidade.com.br%3A2095%2F||target:%20_blank|&#8221;][vc_column_text] D\u00daVIDAS, CR\u00cdTICAS OU SUGEST\u00d5ES? ENTRE EM CONTATO! A SUA OPINI\u00c3O \u00c9 MUITO IMPORTANTE PARA N\u00d3S! 1v\u0131n aviatorpin up bet uzbekistanpin upsnaipinup[\/vc_column_text][vc_column_text css=&#8221;.vc_custom_1737131136048{padding-left: 28px !important;}&#8221;] Endere\u00e7o: Rua Aur\u00e9lio Fonseca, N.150, Centro, Governador Mangabeira-BA Email: contato@modernapublicidade.com.br\u00a0 Telefone:\u00a0 (75) 3312-5230 WhatsApp:\u00a0 (75) 99820-2012 &nbsp; pinuppin up1win casino1win4rabet pakistanmostbitmostbets [\/vc_column_text][\/vc_column_inner][\/vc_row_inner][vc_column_text][\/vc_column_text][\/vc_column][\/vc_row]<\/p>\n","protected":false},"author":1,"featured_media":0,"parent":0,"menu_order":0,"comment_status":"closed","ping_status":"closed","template":"","meta":{"footnotes":""},"class_list":["post-5702","page","type-page","status-publish","hentry"],"_links":{"self":[{"href":"http:\/\/www.modernapublicidade.com.br\/publicidade\/wp-json\/wp\/v2\/pages\/5702","targetHints":{"allow":["GET"]}}],"collection":[{"href":"http:\/\/www.modernapublicidade.com.br\/publicidade\/wp-json\/wp\/v2\/pages"}],"about":[{"href":"http:\/\/www.modernapublicidade.com.br\/publicidade\/wp-json\/wp\/v2\/types\/page"}],"author":[{"embeddable":true,"href":"http:\/\/www.modernapublicidade.com.br\/publicidade\/wp-json\/wp\/v2\/users\/1"}],"replies":[{"embeddable":true,"href":"http:\/\/www.modernapublicidade.com.br\/publicidade\/wp-json\/wp\/v2\/comments?post=5702"}],"version-history":[{"count":37,"href":"http:\/\/www.modernapublicidade.com.br\/publicidade\/wp-json\/wp\/v2\/pages\/5702\/revisions"}],"predecessor-version":[{"id":11732,"href":"http:\/\/www.modernapublicidade.com.br\/publicidade\/wp-json\/wp\/v2\/pages\/5702\/revisions\/11732"}],"wp:attachment":[{"href":"http:\/\/www.modernapublicidade.com.br\/publicidade\/wp-json\/wp\/v2\/media?parent=5702"}],"curies":[{"name":"wp","href":"https:\/\/api.w.org\/{rel}","templated":true}]}}